{"id":1701,"date":"2025-10-24T20:19:32","date_gmt":"2025-10-24T13:19:32","guid":{"rendered":"https:\/\/usdxau.org\/?page_id=1701"},"modified":"2025-11-01T22:17:09","modified_gmt":"2025-11-01T15:17:09","slug":"huong-dan-exness","status":"publish","type":"page","link":"https:\/\/usdxau.org\/en\/huong-dan-exness\/","title":{"rendered":"Exness"},"content":{"rendered":"<div class=\"wp-block-stackable-columns stk-block-columns stk--hide-mobile stk-block stk-6e586eb\" data-block-id=\"6e586eb\"><div class=\"stk-row stk-inner-blocks stk-block-content stk-content-align stk-6e586eb-column\">\n<div class=\"wp-block-stackable-column stk-block-column stk-column stk-block stk-706ceb2\" data-v=\"4\" data-block-id=\"706ceb2\"><style>@media screen and (min-width:690px){.stk-706ceb2 {flex:var(--stk-flex-grow, 1) 1 calc(15% - var(--stk-column-gap, 0px) * 2 \/ 3 ) !important;}}<\/style><div class=\"stk-column-wrapper stk-block-column__content stk-container stk-706ceb2-container stk--no-background stk--no-padding\"><div class=\"stk-block-content stk-inner-blocks stk-706ceb2-inner-blocks\"><\/div><\/div><\/div>\n\n\n\n<div class=\"wp-block-stackable-column stk-block-column stk-column stk-block stk-88e10b8\" data-v=\"4\" data-block-id=\"88e10b8\"><style>@media screen and (min-width:690px){.stk-88e10b8 {flex:var(--stk-flex-grow, 1) 1 calc(70% - var(--stk-column-gap, 0px) * 2 \/ 3 ) !important;}}<\/style><div class=\"stk-column-wrapper stk-block-column__content stk-container stk-88e10b8-container stk--no-background stk--no-padding\"><div class=\"stk-block-content stk-inner-blocks stk-88e10b8-inner-blocks\">\n<div class=\"wp-block-stackable-hero alignfull stk-block-hero stk-block stk-ee8d918 is-style-default\" data-v=\"2\" data-block-id=\"ee8d918\"><style>.stk-ee8d918-inner-blocks{justify-content:center !important;}.stk-ee8d918 {border-top-width:0px !important;border-right-width:0px !important;border-bottom-width:0px !important;border-left-width:0px !important;align-items:center !important;display:flex !important;}.stk-ee8d918-container{background-image:url(https:\/\/usdxau.org\/wp-content\/uploads\/2025\/10\/exo_6cf5977b33.gif) !important;box-shadow:0px 0px 0px 0px #000000 !important;border-top-width:0px !important;border-right-width:0px !important;border-bottom-width:0px !important;border-left-width:0px !important;}.stk-ee8d918 .stk-block-hero__content{min-height:600px !important;align-items:center !important;display:flex !important;}@media screen and (max-width:689px){.stk-ee8d918 {margin-top:var(--stk--preset--spacing--60, 2.25rem) !important;margin-bottom:var(--stk--preset--spacing--60, 2.25rem) !important;}.stk-ee8d918 .stk-block-hero__content{min-height:var(--stk--preset--block-height--x-small, 4rem) !important;}}<\/style><div class=\"stk-block-hero__content stk-content-align stk-ee8d918-column stk-container stk-ee8d918-container stk-hover-parent stk--has-background-overlay\"><div class=\"stk-block-content stk-inner-blocks has-text-align-center stk--column-flex stk-ee8d918-inner-blocks\">\n<div class=\"wp-block-stackable-heading stk-block-heading stk-block-heading--v2 stk-block stk-2941bad\" id=\"exness-n\u1ec1n-t\u1ea3ng-giao-d\u1ecbch-vang-amp-forex-uy-tin-hang-d\u1ea7u\" data-block-id=\"2941bad\"><style>.stk-2941bad .stk-block-heading__text{font-size:var(--stk--preset--font-size--x-large, 50px) !important;}@media screen and (max-width:999px){.stk-2941bad .stk-block-heading__text{font-size:var(--stk--preset--font-size--x-large, 50px) !important;}}<\/style><h1 class=\"stk-block-heading__text\">Exness \u2013 The leading reputable Gold and Forex trading platform<\/h1><\/div>\n\n\n\n<div class=\"wp-block-stackable-text stk-block-text stk-block stk-1436605\" data-block-id=\"1436605\"><style>.stk-1436605 {margin-bottom:32px !important;}.stk-1436605 .stk-block-text__text{font-size:var(--stk--preset--font-size--medium, 20px) !important;}@media screen and (max-width:999px){.stk-1436605 .stk-block-text__text{font-size:var(--stk--preset--font-size--medium, 20px) !important;}}@media screen and (max-width:689px){.stk-1436605 {border-top-width:0px !important;border-right-width:0px !important;border-bottom-width:0px !important;border-left-width:0px !important;margin-bottom:17px !important;}}<\/style><p class=\"stk-block-text__text translation-block\">Trade with the world's largest retail broker and benefit from <br>better than market conditions.<\/p><\/div>\n\n\n\n<div class=\"wp-block-stackable-button-group stk-block-button-group stk-block stk-a70f6c3\" data-block-id=\"a70f6c3\"><style>.stk-a70f6c3 .stk-inner-blocks{column-gap:20px !important;}@media screen and (max-width:689px){.stk-a70f6c3 .stk-inner-blocks{row-gap:8px !important;}}<\/style><div class=\"stk-row stk-inner-blocks stk-block-content stk-button-group\">\n<div class=\"wp-block-stackable-button stk-block-button stk-block stk-ce4015e\" data-block-id=\"ce4015e\"><style>.stk-ce4015e .stk-button{background:var(--theme-palette-color-2, #FDD746) !important;border-top-left-radius:var(--stk--preset--border-radius--small, 4px) !important;border-top-right-radius:var(--stk--preset--border-radius--small, 4px) !important;border-bottom-right-radius:var(--stk--preset--border-radius--small, 4px) !important;border-bottom-left-radius:var(--stk--preset--border-radius--small, 4px) !important;}.stk-ce4015e .stk-button__inner-text{color:#0f0e17 !important;}<\/style><a class=\"stk-link stk-button stk--hover-effect-darken\" href=\"https:\/\/one.exnessonelink.com\/a\/jv79slcqpx\/?campaign=36641\" target=\"_blank\" rel=\"noreferrer noopener\"><span class=\"has-text-color stk-button__inner-text\"><strong>Exness Registration<\/strong><\/span><\/a><\/div>\n\n\n\n<div class=\"wp-block-stackable-button stk-block-button stk-block stk-a407038\" data-block-id=\"a407038\"><style>.stk-a407038 .stk-button{background:#e7e7e7 !important;border-top-left-radius:var(--stk--preset--border-radius--small, 4px) !important;border-top-right-radius:var(--stk--preset--border-radius--small, 4px) !important;border-bottom-right-radius:var(--stk--preset--border-radius--small, 4px) !important;border-bottom-left-radius:var(--stk--preset--border-radius--small, 4px) !important;}.stk-a407038 .stk-button__inner-text{color:#0f0e17 !important;}<\/style><a class=\"stk-link stk-button stk--hover-effect-darken\" href=\"https:\/\/one.exnessonelink.com\/a\/jv79slcqpx\/?campaign=36641\" target=\"_blank\" rel=\"noreferrer noopener\"><span class=\"has-text-color stk-button__inner-text\"><strong>Open a Free Demo Account<\/strong><\/span><\/a><\/div>\n<\/div><\/div>\n<\/div><\/div><\/div>\n<\/div><\/div><\/div>\n\n\n\n<div class=\"wp-block-stackable-column stk-block-column stk-column stk-block stk-20e8abc\" data-v=\"4\" data-block-id=\"20e8abc\"><style>@media screen and (min-width:690px){.stk-20e8abc {flex:var(--stk-flex-grow, 1) 1 calc(15% - var(--stk-column-gap, 0px) * 2 \/ 3 ) !important;}}<\/style><div class=\"stk-column-wrapper stk-block-column__content stk-container stk-20e8abc-container stk--no-background stk--no-padding\"><div class=\"stk-block-content stk-inner-blocks stk-20e8abc-inner-blocks\"><\/div><\/div><\/div>\n<\/div><\/div>\n\n\n\n<div class=\"wp-block-stackable-heading stk-block-heading stk-block-heading--v2 stk-block stk-3f312ef\" id=\"strong-cach-d\u1ec3-b\u1eaft-d\u1ea7u-v\u1edbi-exness-strong\" data-block-id=\"3f312ef\"><h2 class=\"stk-block-heading__text has-text-align-center\"><strong>How to get started with Exness<\/strong><\/h2><\/div>\n\n\n\n<div class=\"wp-block-stackable-posts stk-block-posts stk-block stk-9ddd9bf is-style-default\" data-v=\"2\" data-block-id=\"9ddd9bf\"><style>.stk-9ddd9bf {--stk-columns:4 !important;--stk-column-gap:10px !important;}.stk-9ddd9bf-container .stk-block-posts__image-link{margin-bottom:10px !important;}.stk-9ddd9bf .stk-block-posts__title{margin-bottom:10px !important;}.stk-9ddd9bf .stk-block-posts__category{margin-bottom:10px !important;}.stk-9ddd9bf .stk-block-posts__excerpt{margin-bottom:10px !important;}.stk-9ddd9bf .stk-block-posts__meta{margin-bottom:10px !important;font-style:oblique !important;}.stk-9ddd9bf-container{padding-top:var(--stk--preset--spacing--none, 0px) !important;padding-right:var(--stk--preset--spacing--none, 0px) !important;padding-bottom:var(--stk--preset--spacing--none, 0px) !important;padding-left:var(--stk--preset--spacing--none, 0px) !important;}.stk-9ddd9bf .stk-img-wrapper{aspect-ratio:3\/2 !important;width:100% !important;height:auto !important;}.stk-9ddd9bf .stk-img-wrapper img{transform:scale(1) !important;border-radius:var(--stk--preset--border-radius--medium, 8px) !important;}.stk-9ddd9bf .stk-img-wrapper:hover img{transform:scale(1.1) !important;}.stk-9ddd9bf .stk-block-posts__title a{font-weight:500 !important;}@media screen and (max-width:999px){.stk-9ddd9bf .stk-img-wrapper{height:auto !important;}}@media screen and (max-width:689px){.stk-9ddd9bf .stk-img-wrapper{height:auto !important;}}<\/style><div class=\"stk-inner-blocks stk-content-align stk-9ddd9bf-column\"><div class=\"stk-block-posts__items\"><div class=\"stk-block-posts__item\"><div class=\"stk-container stk-9ddd9bf-container stk--no-background stk--no-padding\"><article><a href=\"https:\/\/usdxau.org\/en\/san-exness-la-gi-co-lua-dao-khong\/\" class=\"stk-block-posts__image-link\"><figure class=\"stk-img-wrapper stk-image--shape-stretch\"><img loading=\"lazy\" decoding=\"async\" width=\"1600\" height=\"896\" src=\"https:\/\/usdxau.org\/wp-content\/uploads\/2025\/11\/EXNESS-co-LUA-DAO-khong.png\" class=\"attachment-full size-full wp-post-image\" alt=\"Exness C\u00f3 L\u1eeba \u0110\u1ea3o Kh\u00f4ng?\" srcset=\"https:\/\/usdxau.org\/wp-content\/uploads\/2025\/11\/EXNESS-co-LUA-DAO-khong.png 1600w, https:\/\/usdxau.org\/wp-content\/uploads\/2025\/11\/EXNESS-co-LUA-DAO-khong-300x168.png 300w, https:\/\/usdxau.org\/wp-content\/uploads\/2025\/11\/EXNESS-co-LUA-DAO-khong-1024x573.png 1024w, https:\/\/usdxau.org\/wp-content\/uploads\/2025\/11\/EXNESS-co-LUA-DAO-khong-768x430.png 768w, https:\/\/usdxau.org\/wp-content\/uploads\/2025\/11\/EXNESS-co-LUA-DAO-khong-1536x860.png 1536w\" sizes=\"auto, (max-width: 1600px) 100vw, 1600px\" \/><\/figure><\/a><div class=\"stk-block-posts__meta stk-subtitle\"><time datetime=\"2025-11-01T22:05:25+07:00\">01\/11\/2025<\/time><\/div><h5 class=\"stk-block-posts__title\"><a href='https:\/\/usdxau.org\/en\/san-exness-la-gi-co-lua-dao-khong\/'>What is Exness? Is Exness a Scam? The Whole Truth You Need to Know<\/a><\/h5><a class=\"stk-block-posts__readmore\" href=\"https:\/\/usdxau.org\/en\/san-exness-la-gi-co-lua-dao-khong\/\">Continue Reading<\/a><\/article><\/div><\/div><div class=\"stk-block-posts__item\"><div class=\"stk-container stk-9ddd9bf-container stk--no-background stk--no-padding\"><article><a href=\"https:\/\/usdxau.org\/en\/huong-dan-rut-tien-tu-exness\/\" class=\"stk-block-posts__image-link\"><figure class=\"stk-img-wrapper stk-image--shape-stretch\"><img loading=\"lazy\" decoding=\"async\" width=\"1280\" height=\"720\" src=\"https:\/\/usdxau.org\/wp-content\/uploads\/2025\/10\/HUONG-DAN-RUT-TIEN-VAO-EXNESS.png\" class=\"attachment-full size-full wp-post-image\" alt=\"\" srcset=\"https:\/\/usdxau.org\/wp-content\/uploads\/2025\/10\/HUONG-DAN-RUT-TIEN-VAO-EXNESS.png 1280w, https:\/\/usdxau.org\/wp-content\/uploads\/2025\/10\/HUONG-DAN-RUT-TIEN-VAO-EXNESS-300x169.png 300w, https:\/\/usdxau.org\/wp-content\/uploads\/2025\/10\/HUONG-DAN-RUT-TIEN-VAO-EXNESS-1024x576.png 1024w, https:\/\/usdxau.org\/wp-content\/uploads\/2025\/10\/HUONG-DAN-RUT-TIEN-VAO-EXNESS-768x432.png 768w\" sizes=\"auto, (max-width: 1280px) 100vw, 1280px\" \/><\/figure><\/a><div class=\"stk-block-posts__meta stk-subtitle\"><time datetime=\"2025-10-21T09:53:11+07:00\">21\/10\/2025<\/time><\/div><h5 class=\"stk-block-posts__title\"><a href='https:\/\/usdxau.org\/en\/huong-dan-rut-tien-tu-exness\/'>Exness Withdrawal Guide: Easy and Fast Transactions<\/a><\/h5><a class=\"stk-block-posts__readmore\" href=\"https:\/\/usdxau.org\/en\/huong-dan-rut-tien-tu-exness\/\">Continue Reading<\/a><\/article><\/div><\/div><div class=\"stk-block-posts__item\"><div class=\"stk-container stk-9ddd9bf-container stk--no-background stk--no-padding\"><article><a href=\"https:\/\/usdxau.org\/en\/huong-dan-nap-tien-exness\/\" class=\"stk-block-posts__image-link\"><figure class=\"stk-img-wrapper stk-image--shape-stretch\"><img loading=\"lazy\" decoding=\"async\" width=\"1280\" height=\"720\" src=\"https:\/\/usdxau.org\/wp-content\/uploads\/2025\/10\/HUONG-DAN-NAP-TIEN-VAO-EXNESS-1.png\" class=\"attachment-full size-full wp-post-image\" alt=\"\" srcset=\"https:\/\/usdxau.org\/wp-content\/uploads\/2025\/10\/HUONG-DAN-NAP-TIEN-VAO-EXNESS-1.png 1280w, https:\/\/usdxau.org\/wp-content\/uploads\/2025\/10\/HUONG-DAN-NAP-TIEN-VAO-EXNESS-1-300x169.png 300w, https:\/\/usdxau.org\/wp-content\/uploads\/2025\/10\/HUONG-DAN-NAP-TIEN-VAO-EXNESS-1-1024x576.png 1024w, https:\/\/usdxau.org\/wp-content\/uploads\/2025\/10\/HUONG-DAN-NAP-TIEN-VAO-EXNESS-1-768x432.png 768w\" sizes=\"auto, (max-width: 1280px) 100vw, 1280px\" \/><\/figure><\/a><div class=\"stk-block-posts__meta stk-subtitle\"><time datetime=\"2025-10-20T11:27:05+07:00\">20\/10\/2025<\/time><\/div><h5 class=\"stk-block-posts__title\"><a href='https:\/\/usdxau.org\/en\/huong-dan-nap-tien-exness\/'>Exness Deposit Guide: Safe and Fast<\/a><\/h5><a class=\"stk-block-posts__readmore\" href=\"https:\/\/usdxau.org\/en\/huong-dan-nap-tien-exness\/\">Continue Reading<\/a><\/article><\/div><\/div><div class=\"stk-block-posts__item\"><div class=\"stk-container stk-9ddd9bf-container stk--no-background stk--no-padding\"><article><a href=\"https:\/\/usdxau.org\/en\/dang-ky-xac-minh-tai-khoan-exness\/\" class=\"stk-block-posts__image-link\"><figure class=\"stk-img-wrapper stk-image--shape-stretch\"><img loading=\"lazy\" decoding=\"async\" width=\"1280\" height=\"720\" src=\"https:\/\/usdxau.org\/wp-content\/uploads\/2025\/10\/1-1.png\" class=\"attachment-full size-full wp-post-image\" alt=\"\" srcset=\"https:\/\/usdxau.org\/wp-content\/uploads\/2025\/10\/1-1.png 1280w, https:\/\/usdxau.org\/wp-content\/uploads\/2025\/10\/1-1-300x169.png 300w, https:\/\/usdxau.org\/wp-content\/uploads\/2025\/10\/1-1-1024x576.png 1024w, https:\/\/usdxau.org\/wp-content\/uploads\/2025\/10\/1-1-768x432.png 768w\" sizes=\"auto, (max-width: 1280px) 100vw, 1280px\" \/><\/figure><\/a><div class=\"stk-block-posts__meta stk-subtitle\"><time datetime=\"2025-10-17T10:45:02+07:00\">17\/10\/2025<\/time><\/div><h5 class=\"stk-block-posts__title\"><a href='https:\/\/usdxau.org\/en\/dang-ky-xac-minh-tai-khoan-exness\/'>Registering an Exness Account: Quick and Easy<\/a><\/h5><a class=\"stk-block-posts__readmore\" href=\"https:\/\/usdxau.org\/en\/dang-ky-xac-minh-tai-khoan-exness\/\">Continue Reading<\/a><\/article><\/div><\/div><div class=\"stk-block-posts__item\"><div class=\"stk-container stk-9ddd9bf-container stk--no-background stk--no-padding\"><article><a href=\"https:\/\/usdxau.org\/en\/cach-giao-dich-vang-tren-exness\/\" class=\"stk-block-posts__image-link\"><figure class=\"stk-img-wrapper stk-image--shape-stretch\"><img loading=\"lazy\" decoding=\"async\" width=\"900\" height=\"499\" src=\"https:\/\/usdxau.org\/wp-content\/uploads\/2025\/10\/Exness_id_886dfac5-16f7-4b55-95a9-3fedcee83735_size900.jpg\" class=\"attachment-full size-full wp-post-image\" alt=\"\" srcset=\"https:\/\/usdxau.org\/wp-content\/uploads\/2025\/10\/Exness_id_886dfac5-16f7-4b55-95a9-3fedcee83735_size900.jpg 900w, https:\/\/usdxau.org\/wp-content\/uploads\/2025\/10\/Exness_id_886dfac5-16f7-4b55-95a9-3fedcee83735_size900-300x166.jpg 300w, https:\/\/usdxau.org\/wp-content\/uploads\/2025\/10\/Exness_id_886dfac5-16f7-4b55-95a9-3fedcee83735_size900-768x426.jpg 768w\" sizes=\"auto, (max-width: 900px) 100vw, 900px\" \/><\/figure><\/a><div class=\"stk-block-posts__meta stk-subtitle\"><time datetime=\"2025-10-10T10:26:15+07:00\">10\/10\/2025<\/time><\/div><h5 class=\"stk-block-posts__title\"><a href='https:\/\/usdxau.org\/en\/cach-giao-dich-vang-tren-exness\/'>Trading Gold on Exness: A Detailed Guide for Newbies<\/a><\/h5><a class=\"stk-block-posts__readmore\" href=\"https:\/\/usdxau.org\/en\/cach-giao-dich-vang-tren-exness\/\">Continue Reading<\/a><\/article><\/div><\/div><\/div><div class=\"stk-inner-blocks\"><\/div><\/div><\/div>\n\n\n\n<p><\/p>","protected":false},"excerpt":{"rendered":"<p>Exness \u2013 N\u1ec1n t\u1ea3ng giao d\u1ecbch V\u00e0ng &amp; Forex uy t\u00edn h\u00e0ng \u0111\u1ea7u Giao d\u1ecbch v\u1edbi nh\u00e0 m\u00f4i gi\u1edbi b\u00e1n l\u1ebb l\u1edbn nh\u1ea5t th\u1ebf gi\u1edbi v\u00e0 h\u01b0\u1edfng l\u1ee3i t\u1eeb c\u00e1c \u0111i\u1ec1u ki\u1ec7n t\u1ed1t h\u01a1n th\u1ecb tr\u01b0\u1eddng. \u0110\u0103ng k\u00fd Exness T\u00e0i kho\u1ea3n Demo mi\u1ec5n ph\u00ed C\u00e1ch \u0111\u1ec3 b\u1eaft \u0111\u1ea7u v\u1edbi Exness 01\/11\/2025 S\u00e0n Exness l\u00e0 g\u00ec? [&hellip;]<\/p>","protected":false},"author":1,"featured_media":0,"parent":0,"menu_order":0,"comment_status":"closed","ping_status":"closed","template":"","meta":{"postBodyCss":"","postBodyMargin":[],"postBodyPadding":[],"postBodyBackground":{"backgroundType":"classic","gradient":""},"footnotes":""},"class_list":["post-1701","page","type-page","status-publish","hentry"],"blocksy_meta":[],"yoast_head":"<!-- This site is optimized with the Yoast SEO plugin v27.4 - https:\/\/yoast.com\/product\/yoast-seo-wordpress\/ -->\n<title>H\u01b0\u1edbng D\u1eabn Exness | USDXAU | Bi\u1ec3u \u0110\u1ed3 Gi\u00e1 V\u00e0ng Th\u1ebf Gi\u1edbi H\u00f4m Nay | USD XAU<\/title>\n<meta name=\"description\" content=\"Exness l\u00e0 s\u00e0n giao d\u1ecbch uy t\u00edn to\u00e0n c\u1ea7u, \u0111\u01b0\u1ee3c qu\u1ea3n l\u00fd b\u1edfi t\u1ed5 ch\u1ee9c t\u00e0i ch\u00ednh h\u00e0ng \u0111\u1ea7u. Giao d\u1ecbch nhanh, minh b\u1ea1ch v\u00e0 h\u1ed7 tr\u1ee3 24\/7.\" \/>\n<meta name=\"robots\" content=\"index, follow, max-snippet:-1, max-image-preview:large, max-video-preview:-1\" \/>\n<link rel=\"canonical\" href=\"https:\/\/usdxau.org\/en\/huong-dan-exness\/\" \/>\n<meta property=\"og:locale\" content=\"en_GB\" \/>\n<meta property=\"og:type\" content=\"article\" \/>\n<meta property=\"og:title\" content=\"H\u01b0\u1edbng D\u1eabn Exness | USDXAU | Bi\u1ec3u \u0110\u1ed3 Gi\u00e1 V\u00e0ng Th\u1ebf Gi\u1edbi H\u00f4m Nay | USD XAU\" \/>\n<meta property=\"og:description\" content=\"Exness l\u00e0 s\u00e0n giao d\u1ecbch uy t\u00edn to\u00e0n c\u1ea7u, \u0111\u01b0\u1ee3c qu\u1ea3n l\u00fd b\u1edfi t\u1ed5 ch\u1ee9c t\u00e0i ch\u00ednh h\u00e0ng \u0111\u1ea7u. Giao d\u1ecbch nhanh, minh b\u1ea1ch v\u00e0 h\u1ed7 tr\u1ee3 24\/7.\" \/>\n<meta property=\"og:url\" content=\"https:\/\/usdxau.org\/en\/huong-dan-exness\/\" \/>\n<meta property=\"og:site_name\" content=\"USDXAU | Bi\u1ec3u \u0110\u1ed3 Gi\u00e1 V\u00e0ng Th\u1ebf Gi\u1edbi H\u00f4m Nay | USD XAU\" \/>\n<meta property=\"article:modified_time\" content=\"2025-11-01T15:17:09+00:00\" \/>\n<meta name=\"twitter:card\" content=\"summary_large_image\" \/>\n<meta name=\"twitter:label1\" content=\"Estimated reading time\" \/>\n\t<meta name=\"twitter:data1\" content=\"1 minute\" \/>\n<script type=\"application\/ld+json\" class=\"yoast-schema-graph\">{\"@context\":\"https:\\\/\\\/schema.org\",\"@graph\":[{\"@type\":\"WebPage\",\"@id\":\"https:\\\/\\\/usdxau.org\\\/huong-dan-exness\\\/\",\"url\":\"https:\\\/\\\/usdxau.org\\\/huong-dan-exness\\\/\",\"name\":\"H\u01b0\u1edbng D\u1eabn Exness | USDXAU | Bi\u1ec3u \u0110\u1ed3 Gi\u00e1 V\u00e0ng Th\u1ebf Gi\u1edbi H\u00f4m Nay | USD XAU\",\"isPartOf\":{\"@id\":\"https:\\\/\\\/usdxau.org\\\/#website\"},\"datePublished\":\"2025-10-24T13:19:32+00:00\",\"dateModified\":\"2025-11-01T15:17:09+00:00\",\"description\":\"Exness l\u00e0 s\u00e0n giao d\u1ecbch uy t\u00edn to\u00e0n c\u1ea7u, \u0111\u01b0\u1ee3c qu\u1ea3n l\u00fd b\u1edfi t\u1ed5 ch\u1ee9c t\u00e0i ch\u00ednh h\u00e0ng \u0111\u1ea7u. Giao d\u1ecbch nhanh, minh b\u1ea1ch v\u00e0 h\u1ed7 tr\u1ee3 24\\\/7.\",\"breadcrumb\":{\"@id\":\"https:\\\/\\\/usdxau.org\\\/huong-dan-exness\\\/#breadcrumb\"},\"inLanguage\":\"en-GB\",\"potentialAction\":[{\"@type\":\"ReadAction\",\"target\":[\"https:\\\/\\\/usdxau.org\\\/huong-dan-exness\\\/\"]}]},{\"@type\":\"BreadcrumbList\",\"@id\":\"https:\\\/\\\/usdxau.org\\\/huong-dan-exness\\\/#breadcrumb\",\"itemListElement\":[{\"@type\":\"ListItem\",\"position\":1,\"name\":\"Trang ch\u1ee7\",\"item\":\"https:\\\/\\\/usdxau.org\\\/\"},{\"@type\":\"ListItem\",\"position\":2,\"name\":\"Exness\"}]},{\"@type\":\"WebSite\",\"@id\":\"https:\\\/\\\/usdxau.org\\\/#website\",\"url\":\"https:\\\/\\\/usdxau.org\\\/\",\"name\":\"USDXAU | Gi\u00e1 V\u00e0ng Th\u1ebf Gi\u1edbi H\u00f4m Nay | XAUUSD\",\"description\":\"Usdxau, Bi\u1ec3u \u0111\u1ed3 gi\u00e1 v\u00e0ng th\u1ebf gi\u1edbi h\u00f4m nay. Usdxau n\u1eafm b\u1eaft xu h\u01b0\u1edbng v\u00e0ng to\u00e0n c\u1ea7u, Ph\u00e2n t\u00edch Usd xau quy\u1ebft \u0111\u1ecbnh \u0111\u1ea7u t\u01b0 v\u00e0ng th\u00f4ng minh\",\"publisher\":{\"@id\":\"https:\\\/\\\/usdxau.org\\\/#organization\"},\"potentialAction\":[{\"@type\":\"SearchAction\",\"target\":{\"@type\":\"EntryPoint\",\"urlTemplate\":\"https:\\\/\\\/usdxau.org\\\/?s={search_term_string}\"},\"query-input\":{\"@type\":\"PropertyValueSpecification\",\"valueRequired\":true,\"valueName\":\"search_term_string\"}}],\"inLanguage\":\"en-GB\"},{\"@type\":\"Organization\",\"@id\":\"https:\\\/\\\/usdxau.org\\\/#organization\",\"name\":\"USDXAU | Gi\u00e1 V\u00e0ng Th\u1ebf Gi\u1edbi H\u00f4m Nay\",\"url\":\"https:\\\/\\\/usdxau.org\\\/\",\"logo\":{\"@type\":\"ImageObject\",\"inLanguage\":\"en-GB\",\"@id\":\"https:\\\/\\\/usdxau.org\\\/#\\\/schema\\\/logo\\\/image\\\/\",\"url\":\"https:\\\/\\\/usdxau.org\\\/wp-content\\\/uploads\\\/2025\\\/10\\\/123456.png\",\"contentUrl\":\"https:\\\/\\\/usdxau.org\\\/wp-content\\\/uploads\\\/2025\\\/10\\\/123456.png\",\"width\":500,\"height\":500,\"caption\":\"USDXAU | Gi\u00e1 V\u00e0ng Th\u1ebf Gi\u1edbi H\u00f4m Nay\"},\"image\":{\"@id\":\"https:\\\/\\\/usdxau.org\\\/#\\\/schema\\\/logo\\\/image\\\/\"},\"sameAs\":[\"https:\\\/\\\/www.youtube.com\\\/@Xauusd.tradingforex\"]}]}<\/script>\n<!-- \/ Yoast SEO plugin. -->","yoast_head_json":{"title":"H\u01b0\u1edbng D\u1eabn Exness | USDXAU | Bi\u1ec3u \u0110\u1ed3 Gi\u00e1 V\u00e0ng Th\u1ebf Gi\u1edbi H\u00f4m Nay | USD XAU","description":"Exness l\u00e0 s\u00e0n giao d\u1ecbch uy t\u00edn to\u00e0n c\u1ea7u, \u0111\u01b0\u1ee3c qu\u1ea3n l\u00fd b\u1edfi t\u1ed5 ch\u1ee9c t\u00e0i ch\u00ednh h\u00e0ng \u0111\u1ea7u. Giao d\u1ecbch nhanh, minh b\u1ea1ch v\u00e0 h\u1ed7 tr\u1ee3 24\/7.","robots":{"index":"index","follow":"follow","max-snippet":"max-snippet:-1","max-image-preview":"max-image-preview:large","max-video-preview":"max-video-preview:-1"},"canonical":"https:\/\/usdxau.org\/en\/huong-dan-exness\/","og_locale":"en_GB","og_type":"article","og_title":"H\u01b0\u1edbng D\u1eabn Exness | USDXAU | Bi\u1ec3u \u0110\u1ed3 Gi\u00e1 V\u00e0ng Th\u1ebf Gi\u1edbi H\u00f4m Nay | USD XAU","og_description":"Exness l\u00e0 s\u00e0n giao d\u1ecbch uy t\u00edn to\u00e0n c\u1ea7u, \u0111\u01b0\u1ee3c qu\u1ea3n l\u00fd b\u1edfi t\u1ed5 ch\u1ee9c t\u00e0i ch\u00ednh h\u00e0ng \u0111\u1ea7u. Giao d\u1ecbch nhanh, minh b\u1ea1ch v\u00e0 h\u1ed7 tr\u1ee3 24\/7.","og_url":"https:\/\/usdxau.org\/en\/huong-dan-exness\/","og_site_name":"USDXAU | Bi\u1ec3u \u0110\u1ed3 Gi\u00e1 V\u00e0ng Th\u1ebf Gi\u1edbi H\u00f4m Nay | USD XAU","article_modified_time":"2025-11-01T15:17:09+00:00","twitter_card":"summary_large_image","twitter_misc":{"Estimated reading time":"1 minute"},"schema":{"@context":"https:\/\/schema.org","@graph":[{"@type":"WebPage","@id":"https:\/\/usdxau.org\/huong-dan-exness\/","url":"https:\/\/usdxau.org\/huong-dan-exness\/","name":"H\u01b0\u1edbng D\u1eabn Exness | USDXAU | Bi\u1ec3u \u0110\u1ed3 Gi\u00e1 V\u00e0ng Th\u1ebf Gi\u1edbi H\u00f4m Nay | USD XAU","isPartOf":{"@id":"https:\/\/usdxau.org\/#website"},"datePublished":"2025-10-24T13:19:32+00:00","dateModified":"2025-11-01T15:17:09+00:00","description":"Exness l\u00e0 s\u00e0n giao d\u1ecbch uy t\u00edn to\u00e0n c\u1ea7u, \u0111\u01b0\u1ee3c qu\u1ea3n l\u00fd b\u1edfi t\u1ed5 ch\u1ee9c t\u00e0i ch\u00ednh h\u00e0ng \u0111\u1ea7u. Giao d\u1ecbch nhanh, minh b\u1ea1ch v\u00e0 h\u1ed7 tr\u1ee3 24\/7.","breadcrumb":{"@id":"https:\/\/usdxau.org\/huong-dan-exness\/#breadcrumb"},"inLanguage":"en-GB","potentialAction":[{"@type":"ReadAction","target":["https:\/\/usdxau.org\/huong-dan-exness\/"]}]},{"@type":"BreadcrumbList","@id":"https:\/\/usdxau.org\/huong-dan-exness\/#breadcrumb","itemListElement":[{"@type":"ListItem","position":1,"name":"Trang ch\u1ee7","item":"https:\/\/usdxau.org\/"},{"@type":"ListItem","position":2,"name":"Exness"}]},{"@type":"WebSite","@id":"https:\/\/usdxau.org\/#website","url":"https:\/\/usdxau.org\/","name":"USDXAU | Gi\u00e1 V\u00e0ng Th\u1ebf Gi\u1edbi H\u00f4m Nay | XAUUSD","description":"Usdxau, Bi\u1ec3u \u0111\u1ed3 gi\u00e1 v\u00e0ng th\u1ebf gi\u1edbi h\u00f4m nay. Usdxau n\u1eafm b\u1eaft xu h\u01b0\u1edbng v\u00e0ng to\u00e0n c\u1ea7u, Ph\u00e2n t\u00edch Usd xau quy\u1ebft \u0111\u1ecbnh \u0111\u1ea7u t\u01b0 v\u00e0ng th\u00f4ng minh","publisher":{"@id":"https:\/\/usdxau.org\/#organization"},"potentialAction":[{"@type":"SearchAction","target":{"@type":"EntryPoint","urlTemplate":"https:\/\/usdxau.org\/?s={search_term_string}"},"query-input":{"@type":"PropertyValueSpecification","valueRequired":true,"valueName":"search_term_string"}}],"inLanguage":"en-GB"},{"@type":"Organization","@id":"https:\/\/usdxau.org\/#organization","name":"USDXAU | Gi\u00e1 V\u00e0ng Th\u1ebf Gi\u1edbi H\u00f4m Nay","url":"https:\/\/usdxau.org\/","logo":{"@type":"ImageObject","inLanguage":"en-GB","@id":"https:\/\/usdxau.org\/#\/schema\/logo\/image\/","url":"https:\/\/usdxau.org\/wp-content\/uploads\/2025\/10\/123456.png","contentUrl":"https:\/\/usdxau.org\/wp-content\/uploads\/2025\/10\/123456.png","width":500,"height":500,"caption":"USDXAU | Gi\u00e1 V\u00e0ng Th\u1ebf Gi\u1edbi H\u00f4m Nay"},"image":{"@id":"https:\/\/usdxau.org\/#\/schema\/logo\/image\/"},"sameAs":["https:\/\/www.youtube.com\/@Xauusd.tradingforex"]}]}},"_hostinger_reach_plugin_has_subscription_block":false,"_hostinger_reach_plugin_is_elementor":false,"_links":{"self":[{"href":"https:\/\/usdxau.org\/en\/wp-json\/wp\/v2\/pages\/1701","targetHints":{"allow":["GET"]}}],"collection":[{"href":"https:\/\/usdxau.org\/en\/wp-json\/wp\/v2\/pages"}],"about":[{"href":"https:\/\/usdxau.org\/en\/wp-json\/wp\/v2\/types\/page"}],"author":[{"embeddable":true,"href":"https:\/\/usdxau.org\/en\/wp-json\/wp\/v2\/users\/1"}],"replies":[{"embeddable":true,"href":"https:\/\/usdxau.org\/en\/wp-json\/wp\/v2\/comments?post=1701"}],"version-history":[{"count":50,"href":"https:\/\/usdxau.org\/en\/wp-json\/wp\/v2\/pages\/1701\/revisions"}],"predecessor-version":[{"id":2364,"href":"https:\/\/usdxau.org\/en\/wp-json\/wp\/v2\/pages\/1701\/revisions\/2364"}],"wp:attachment":[{"href":"https:\/\/usdxau.org\/en\/wp-json\/wp\/v2\/media?parent=1701"}],"curies":[{"name":"wp","href":"https:\/\/api.w.org\/{rel}","templated":true}]}}