{"id":1232,"date":"2025-10-17T10:38:29","date_gmt":"2025-10-17T03:38:29","guid":{"rendered":"https:\/\/usdxau.org\/?page_id=1232"},"modified":"2025-10-27T12:10:18","modified_gmt":"2025-10-27T05:10:18","slug":"huong-dan-dau-tu-vang","status":"publish","type":"page","link":"https:\/\/usdxau.org\/en\/huong-dan-dau-tu-vang\/","title":{"rendered":"Trading Guides"},"content":{"rendered":"<div class=\"wp-block-stackable-posts stk-block-posts stk-block stk-8b94164 is-style-default\" data-v=\"2\" data-block-id=\"8b94164\"><style>.stk-8b94164 {--stk-columns:3 !important;--stk-column-gap:10px !important;}.stk-8b94164-container .stk-block-posts__image-link{margin-bottom:10px !important;}.stk-8b94164 .stk-block-posts__title{margin-bottom:10px !important;}.stk-8b94164 .stk-block-posts__category{margin-bottom:10px !important;}.stk-8b94164 .stk-block-posts__excerpt{margin-bottom:10px !important;}.stk-8b94164 .stk-block-posts__meta{margin-bottom:10px !important;font-style:italic !important;}.stk-8b94164 .stk-img-wrapper{aspect-ratio:3\/2 !important;width:100% !important;height:auto !important;}.stk-8b94164 .stk-img-wrapper img{border-radius:var(--stk--preset--border-radius--medium, 8px) !important;}.stk-8b94164 .stk-block-posts__title a{font-weight:500 !important;}@media screen and (max-width:999px){.stk-8b94164 .stk-img-wrapper{height:auto !important;}}@media screen and (max-width:689px){.stk-8b94164 .stk-img-wrapper{height:auto !important;}}<\/style><div class=\"stk-inner-blocks stk-content-align stk-8b94164-column\"><div class=\"stk-block-posts__items\"><div class=\"stk-block-posts__item\"><div class=\"stk-container stk-8b94164-container stk--no-background stk--no-padding\"><article><a href=\"https:\/\/usdxau.org\/en\/huong-dan-su-dung-metatrader-5-mt5-tren-dien-thoai\/\" class=\"stk-block-posts__image-link\"><figure class=\"stk-img-wrapper stk-image--shape-stretch\"><img loading=\"lazy\" decoding=\"async\" width=\"1280\" height=\"720\" src=\"https:\/\/usdxau.org\/wp-content\/uploads\/2025\/11\/mt5-tren-dien-thoai.png\" class=\"attachment-full size-full wp-post-image\" alt=\"\" srcset=\"https:\/\/usdxau.org\/wp-content\/uploads\/2025\/11\/mt5-tren-dien-thoai.png 1280w, https:\/\/usdxau.org\/wp-content\/uploads\/2025\/11\/mt5-tren-dien-thoai-300x169.png 300w, https:\/\/usdxau.org\/wp-content\/uploads\/2025\/11\/mt5-tren-dien-thoai-1024x576.png 1024w, https:\/\/usdxau.org\/wp-content\/uploads\/2025\/11\/mt5-tren-dien-thoai-768x432.png 768w\" sizes=\"auto, (max-width: 1280px) 100vw, 1280px\" \/><\/figure><\/a><div class=\"stk-block-posts__category stk-subtitle\"><a href=\"https:\/\/usdxau.org\/en\/category\/huong-dan\/\" rel=\"category tag\">Trading Guides<\/a>, <a href=\"https:\/\/usdxau.org\/en\/category\/kien-thuc\/\" rel=\"category tag\">Knowledge<\/a>, <a href=\"https:\/\/usdxau.org\/en\/category\/huong-dan\/metatrader-5-app\/\" rel=\"category tag\">MetaTrader5 App<\/a><\/div><div class=\"stk-block-posts__meta stk-subtitle\"><time datetime=\"2025-11-01T11:19:28+07:00\">01\/11\/2025<\/time><\/div><h5 class=\"stk-block-posts__title\"><a href='https:\/\/usdxau.org\/en\/huong-dan-su-dung-metatrader-5-mt5-tren-dien-thoai\/'>Detailed Guide to Using MetaTrader 5 (MT5) on Mobile<\/a><\/h5><div class=\"stk-block-posts__excerpt\"><p>MetaTrader 5 l\u00e0 g\u00ec? T\u1ea1i sao n\u00ean s\u1eed d\u1ee5ng MT5 tr\u00ean \u0111i\u1ec7n tho\u1ea1i MetaTrader 5 (MT5) l\u00e0 n\u1ec1n t\u1ea3ng giao d\u1ecbch ph\u1ed5 bi\u1ebfn nh\u1ea5t hi\u1ec7n nay, \u0111\u01b0\u1ee3c h\u00e0ng tri\u1ec7u nh\u00e0 \u0111\u1ea7u t\u01b0 Forex v\u00e0 V\u00e0ng tr\u00ean to\u00e0n th\u1ebf gi\u1edbi s\u1eed&hellip;<\/p>\n<\/div><a class=\"stk-block-posts__readmore\" href=\"https:\/\/usdxau.org\/en\/huong-dan-su-dung-metatrader-5-mt5-tren-dien-thoai\/\">Continue Reading<\/a><\/article><\/div><\/div><div class=\"stk-block-posts__item\"><div class=\"stk-container stk-8b94164-container stk--no-background stk--no-padding\"><article><a href=\"https:\/\/usdxau.org\/en\/huong-dan-su-dung-metatrader-5-mt5-tren-may-tinh\/\" class=\"stk-block-posts__image-link\"><figure class=\"stk-img-wrapper stk-image--shape-stretch\"><img loading=\"lazy\" decoding=\"async\" width=\"1440\" height=\"810\" src=\"https:\/\/usdxau.org\/wp-content\/uploads\/2025\/10\/mt5-tren-mt.png\" class=\"attachment-full size-full wp-post-image\" alt=\"\" srcset=\"https:\/\/usdxau.org\/wp-content\/uploads\/2025\/10\/mt5-tren-mt.png 1440w, https:\/\/usdxau.org\/wp-content\/uploads\/2025\/10\/mt5-tren-mt-300x169.png 300w, https:\/\/usdxau.org\/wp-content\/uploads\/2025\/10\/mt5-tren-mt-1024x576.png 1024w, https:\/\/usdxau.org\/wp-content\/uploads\/2025\/10\/mt5-tren-mt-768x432.png 768w\" sizes=\"auto, (max-width: 1440px) 100vw, 1440px\" \/><\/figure><\/a><div class=\"stk-block-posts__category stk-subtitle\"><a href=\"https:\/\/usdxau.org\/en\/category\/huong-dan\/\" rel=\"category tag\">Trading Guides<\/a>, <a href=\"https:\/\/usdxau.org\/en\/category\/kien-thuc\/\" rel=\"category tag\">Knowledge<\/a>, <a href=\"https:\/\/usdxau.org\/en\/category\/huong-dan\/metatrader-5\/\" rel=\"category tag\">MetaTrader5<\/a><\/div><div class=\"stk-block-posts__meta stk-subtitle\"><time datetime=\"2025-10-31T11:11:19+07:00\">31\/10\/2025<\/time><\/div><h5 class=\"stk-block-posts__title\"><a href='https:\/\/usdxau.org\/en\/huong-dan-su-dung-metatrader-5-mt5-tren-may-tinh\/'>How to Use MetaTrader 5 (MT5) on Computer from A-Z<\/a><\/h5><div class=\"stk-block-posts__excerpt\"><p>H\u01b0\u1edbng d\u1eabn s\u1eed d\u1ee5ng MetaTrader 5 (MT5)&nbsp;tr\u00ean Exness l\u00e0 b\u00e0i vi\u1ebft h\u1eefu \u00edch d\u00e0nh cho nh\u00e0 \u0111\u1ea7u t\u01b0 m\u1edbi b\u1eaft \u0111\u1ea7u giao d\u1ecbch Forex. Vi\u1ec7c hi\u1ec3u r\u00f5 c\u00e1ch c\u00e0i \u0111\u1eb7t, \u0111\u0103ng nh\u1eadp v\u00e0 s\u1eed d\u1ee5ng n\u1ec1n t\u1ea3ng n\u00e0y gi\u00fap b\u1ea1n&hellip;<\/p>\n<\/div><a class=\"stk-block-posts__readmore\" href=\"https:\/\/usdxau.org\/en\/huong-dan-su-dung-metatrader-5-mt5-tren-may-tinh\/\">Continue Reading<\/a><\/article><\/div><\/div><div class=\"stk-block-posts__item\"><div class=\"stk-container stk-8b94164-container stk--no-background stk--no-padding\"><article><a href=\"https:\/\/usdxau.org\/en\/huong-dan-su-dung-metatrader-4-mt4-tren-dien-thoai\/\" class=\"stk-block-posts__image-link\"><figure class=\"stk-img-wrapper stk-image--shape-stretch\"><img loading=\"lazy\" decoding=\"async\" width=\"1280\" height=\"720\" src=\"https:\/\/usdxau.org\/wp-content\/uploads\/2025\/10\/MT4-DIEN-THOAI.png\" class=\"attachment-full size-full wp-post-image\" alt=\"\" srcset=\"https:\/\/usdxau.org\/wp-content\/uploads\/2025\/10\/MT4-DIEN-THOAI.png 1280w, https:\/\/usdxau.org\/wp-content\/uploads\/2025\/10\/MT4-DIEN-THOAI-300x169.png 300w, https:\/\/usdxau.org\/wp-content\/uploads\/2025\/10\/MT4-DIEN-THOAI-1024x576.png 1024w, https:\/\/usdxau.org\/wp-content\/uploads\/2025\/10\/MT4-DIEN-THOAI-768x432.png 768w\" sizes=\"auto, (max-width: 1280px) 100vw, 1280px\" \/><\/figure><\/a><div class=\"stk-block-posts__category stk-subtitle\"><a href=\"https:\/\/usdxau.org\/en\/category\/huong-dan\/\" rel=\"category tag\">Trading Guides<\/a>, <a href=\"https:\/\/usdxau.org\/en\/category\/kien-thuc\/\" rel=\"category tag\">Knowledge<\/a>, <a href=\"https:\/\/usdxau.org\/en\/category\/huong-dan\/metatrader-4-app\/\" rel=\"category tag\">MetaTrader4App<\/a><\/div><div class=\"stk-block-posts__meta stk-subtitle\"><time datetime=\"2025-10-24T21:21:16+07:00\">24\/10\/2025<\/time><\/div><h5 class=\"stk-block-posts__title\"><a href='https:\/\/usdxau.org\/en\/huong-dan-su-dung-metatrader-4-mt4-tren-dien-thoai\/'>MT4 Mobile User Guide: Simple and Effective<\/a><\/h5><div class=\"stk-block-posts__excerpt\"><p>H\u01b0\u1edbng d\u1eabn s\u1eed d\u1ee5ng MT4 tr\u00ean \u0111i\u1ec7n tho\u1ea1i&nbsp;l\u00e0 n\u1ed9i dung r\u1ea5t quan tr\u1ecdng \u0111\u1ed1i v\u1edbi nh\u1eefng trader mu\u1ed1n giao d\u1ecbch m\u1ecdi l\u00fac m\u1ecdi n\u01a1i. MetaTrader 4 (MT4) l\u00e0 n\u1ec1n t\u1ea3ng giao d\u1ecbch m\u1ea1nh m\u1ebd, d\u1ec5 s\u1eed d\u1ee5ng v\u00e0 ph\u00f9 h\u1ee3p&hellip;<\/p>\n<\/div><a class=\"stk-block-posts__readmore\" href=\"https:\/\/usdxau.org\/en\/huong-dan-su-dung-metatrader-4-mt4-tren-dien-thoai\/\">Continue Reading<\/a><\/article><\/div><\/div><div class=\"stk-block-posts__item\"><div class=\"stk-container stk-8b94164-container stk--no-background stk--no-padding\"><article><a href=\"https:\/\/usdxau.org\/en\/huong-dan-su-dung-metatrader-4-mt4-tren-may-tinh\/\" class=\"stk-block-posts__image-link\"><figure class=\"stk-img-wrapper stk-image--shape-stretch\"><img loading=\"lazy\" decoding=\"async\" width=\"1280\" height=\"720\" src=\"https:\/\/usdxau.org\/wp-content\/uploads\/2025\/10\/meta4.png\" class=\"attachment-full size-full wp-post-image\" alt=\"\" srcset=\"https:\/\/usdxau.org\/wp-content\/uploads\/2025\/10\/meta4.png 1280w, https:\/\/usdxau.org\/wp-content\/uploads\/2025\/10\/meta4-300x169.png 300w, https:\/\/usdxau.org\/wp-content\/uploads\/2025\/10\/meta4-1024x576.png 1024w, https:\/\/usdxau.org\/wp-content\/uploads\/2025\/10\/meta4-768x432.png 768w\" sizes=\"auto, (max-width: 1280px) 100vw, 1280px\" \/><\/figure><\/a><div class=\"stk-block-posts__category stk-subtitle\"><a href=\"https:\/\/usdxau.org\/en\/category\/huong-dan\/\" rel=\"category tag\">Trading Guides<\/a>, <a href=\"https:\/\/usdxau.org\/en\/category\/kien-thuc\/\" rel=\"category tag\">Knowledge<\/a>, <a href=\"https:\/\/usdxau.org\/en\/category\/huong-dan\/metatrader-4\/\" rel=\"category tag\">MetaTrader4<\/a><\/div><div class=\"stk-block-posts__meta stk-subtitle\"><time datetime=\"2025-10-24T13:06:31+07:00\">24\/10\/2025<\/time><\/div><h5 class=\"stk-block-posts__title\"><a href='https:\/\/usdxau.org\/en\/huong-dan-su-dung-metatrader-4-mt4-tren-may-tinh\/'>Detailed Instructions for Using MetaTrader 4 (MT4) on Computer<\/a><\/h5><div class=\"stk-block-posts__excerpt\"><p>H\u01b0\u1edbng d\u1eabn s\u1eed d\u1ee5ng MetaTrader 4 (MT4) tr\u00ean Exness l\u00e0 ch\u1ee7 \u0111\u1ec1 \u0111\u01b0\u1ee3c nhi\u1ec1u nh\u00e0 \u0111\u1ea7u t\u01b0 m\u1edbi quan t\u00e2m. Nhi\u1ec1u ng\u01b0\u1eddi t\u00ecm hi\u1ec3u n\u1ed9i dung n\u00e0y khi b\u1eaft \u0111\u1ea7u tham gia th\u1ecb tr\u01b0\u1eddng Forex. MetaTrader 4 (MT4) l\u00e0 n\u1ec1n&hellip;<\/p>\n<\/div><a class=\"stk-block-posts__readmore\" href=\"https:\/\/usdxau.org\/en\/huong-dan-su-dung-metatrader-4-mt4-tren-may-tinh\/\">Continue Reading<\/a><\/article><\/div><\/div><\/div><div class=\"stk-inner-blocks\"><\/div><\/div><\/div>\n\n\n\n<p><\/p>","protected":false},"excerpt":{"rendered":"<p>H\u01b0\u1edbng D\u1eabn, Ki\u1ebfn Th\u1ee9c, MetaTrader5App 01\/11\/2025 H\u01b0\u1edbng d\u1eabn S\u1eed d\u1ee5ng MetaTrader 5 (MT5) tr\u00ean \u0110i\u1ec7n tho\u1ea1i Chi ti\u1ebft MetaTrader 5 l\u00e0 g\u00ec? T\u1ea1i sao n\u00ean s\u1eed d\u1ee5ng MT5 tr\u00ean \u0111i\u1ec7n tho\u1ea1i MetaTrader 5 (MT5) l\u00e0 n\u1ec1n t\u1ea3ng giao d\u1ecbch ph\u1ed5 bi\u1ebfn nh\u1ea5t hi\u1ec7n nay, \u0111\u01b0\u1ee3c h\u00e0ng tri\u1ec7u nh\u00e0 \u0111\u1ea7u t\u01b0 Forex v\u00e0 V\u00e0ng tr\u00ean to\u00e0n [&hellip;]<\/p>","protected":false},"author":1,"featured_media":0,"parent":0,"menu_order":0,"comment_status":"closed","ping_status":"closed","template":"","meta":{"postBodyCss":"","postBodyMargin":[],"postBodyPadding":[],"postBodyBackground":{"backgroundType":"classic","gradient":""},"footnotes":""},"class_list":["post-1232","page","type-page","status-publish","hentry"],"blocksy_meta":[],"yoast_head":"<!-- This site is optimized with the Yoast SEO plugin v27.4 - https:\/\/yoast.com\/product\/yoast-seo-wordpress\/ -->\n<title>H\u01b0\u1edbng D\u1eabn \u0110\u1ea7u T\u01b0 V\u00e0ng | USDXAU | Bi\u1ec3u \u0110\u1ed3 Gi\u00e1 V\u00e0ng Th\u1ebf Gi\u1edbi H\u00f4m Nay | USD XAU<\/title>\n<meta name=\"description\" content=\"H\u01b0\u1edbng D\u1eabn \u0110\u1ea7u T\u01b0 V\u00e0ng hi\u1ec7u qu\u1ea3 cho ng\u01b0\u1eddi m\u1edbi. M\u1edf t\u00e0i kho\u1ea3n, giao d\u1ecbch d\u1ec5 d\u00e0ng v\u00e0 t\u1ed1i \u01b0u l\u1ee3i nhu\u1eadn ngay h\u00f4m nay v\u1edbi usdxau.org\" \/>\n<meta name=\"robots\" content=\"index, follow, max-snippet:-1, max-image-preview:large, max-video-preview:-1\" \/>\n<link rel=\"canonical\" href=\"https:\/\/usdxau.org\/en\/huong-dan-dau-tu-vang\/\" \/>\n<meta property=\"og:locale\" content=\"en_GB\" \/>\n<meta property=\"og:type\" content=\"article\" \/>\n<meta property=\"og:title\" content=\"H\u01b0\u1edbng D\u1eabn \u0110\u1ea7u T\u01b0 V\u00e0ng | USDXAU | Bi\u1ec3u \u0110\u1ed3 Gi\u00e1 V\u00e0ng Th\u1ebf Gi\u1edbi H\u00f4m Nay | USD XAU\" \/>\n<meta property=\"og:description\" content=\"H\u01b0\u1edbng D\u1eabn \u0110\u1ea7u T\u01b0 V\u00e0ng hi\u1ec7u qu\u1ea3 cho ng\u01b0\u1eddi m\u1edbi. M\u1edf t\u00e0i kho\u1ea3n, giao d\u1ecbch d\u1ec5 d\u00e0ng v\u00e0 t\u1ed1i \u01b0u l\u1ee3i nhu\u1eadn ngay h\u00f4m nay v\u1edbi usdxau.org\" \/>\n<meta property=\"og:url\" content=\"https:\/\/usdxau.org\/en\/huong-dan-dau-tu-vang\/\" \/>\n<meta property=\"og:site_name\" content=\"USDXAU | Bi\u1ec3u \u0110\u1ed3 Gi\u00e1 V\u00e0ng Th\u1ebf Gi\u1edbi H\u00f4m Nay | USD XAU\" \/>\n<meta property=\"article:modified_time\" content=\"2025-10-27T05:10:18+00:00\" \/>\n<meta name=\"twitter:card\" content=\"summary_large_image\" \/>\n<meta name=\"twitter:label1\" content=\"Estimated reading time\" \/>\n\t<meta name=\"twitter:data1\" content=\"1 minute\" \/>\n<script type=\"application\/ld+json\" class=\"yoast-schema-graph\">{\"@context\":\"https:\\\/\\\/schema.org\",\"@graph\":[{\"@type\":\"WebPage\",\"@id\":\"https:\\\/\\\/usdxau.org\\\/huong-dan-dau-tu-vang\\\/\",\"url\":\"https:\\\/\\\/usdxau.org\\\/huong-dan-dau-tu-vang\\\/\",\"name\":\"H\u01b0\u1edbng D\u1eabn \u0110\u1ea7u T\u01b0 V\u00e0ng | USDXAU | Bi\u1ec3u \u0110\u1ed3 Gi\u00e1 V\u00e0ng Th\u1ebf Gi\u1edbi H\u00f4m Nay | USD XAU\",\"isPartOf\":{\"@id\":\"https:\\\/\\\/usdxau.org\\\/#website\"},\"datePublished\":\"2025-10-17T03:38:29+00:00\",\"dateModified\":\"2025-10-27T05:10:18+00:00\",\"description\":\"H\u01b0\u1edbng D\u1eabn \u0110\u1ea7u T\u01b0 V\u00e0ng hi\u1ec7u qu\u1ea3 cho ng\u01b0\u1eddi m\u1edbi. M\u1edf t\u00e0i kho\u1ea3n, giao d\u1ecbch d\u1ec5 d\u00e0ng v\u00e0 t\u1ed1i \u01b0u l\u1ee3i nhu\u1eadn ngay h\u00f4m nay v\u1edbi usdxau.org\",\"breadcrumb\":{\"@id\":\"https:\\\/\\\/usdxau.org\\\/huong-dan-dau-tu-vang\\\/#breadcrumb\"},\"inLanguage\":\"en-GB\",\"potentialAction\":[{\"@type\":\"ReadAction\",\"target\":[\"https:\\\/\\\/usdxau.org\\\/huong-dan-dau-tu-vang\\\/\"]}]},{\"@type\":\"BreadcrumbList\",\"@id\":\"https:\\\/\\\/usdxau.org\\\/huong-dan-dau-tu-vang\\\/#breadcrumb\",\"itemListElement\":[{\"@type\":\"ListItem\",\"position\":1,\"name\":\"Trang ch\u1ee7\",\"item\":\"https:\\\/\\\/usdxau.org\\\/\"},{\"@type\":\"ListItem\",\"position\":2,\"name\":\"H\u01b0\u1edbng D\u1eabn\"}]},{\"@type\":\"WebSite\",\"@id\":\"https:\\\/\\\/usdxau.org\\\/#website\",\"url\":\"https:\\\/\\\/usdxau.org\\\/\",\"name\":\"USDXAU | Gi\u00e1 V\u00e0ng Th\u1ebf Gi\u1edbi H\u00f4m Nay | XAUUSD\",\"description\":\"Usdxau, Bi\u1ec3u \u0111\u1ed3 gi\u00e1 v\u00e0ng th\u1ebf gi\u1edbi h\u00f4m nay. Usdxau n\u1eafm b\u1eaft xu h\u01b0\u1edbng v\u00e0ng to\u00e0n c\u1ea7u, Ph\u00e2n t\u00edch Usd xau quy\u1ebft \u0111\u1ecbnh \u0111\u1ea7u t\u01b0 v\u00e0ng th\u00f4ng minh\",\"publisher\":{\"@id\":\"https:\\\/\\\/usdxau.org\\\/#organization\"},\"potentialAction\":[{\"@type\":\"SearchAction\",\"target\":{\"@type\":\"EntryPoint\",\"urlTemplate\":\"https:\\\/\\\/usdxau.org\\\/?s={search_term_string}\"},\"query-input\":{\"@type\":\"PropertyValueSpecification\",\"valueRequired\":true,\"valueName\":\"search_term_string\"}}],\"inLanguage\":\"en-GB\"},{\"@type\":\"Organization\",\"@id\":\"https:\\\/\\\/usdxau.org\\\/#organization\",\"name\":\"USDXAU | Gi\u00e1 V\u00e0ng Th\u1ebf Gi\u1edbi H\u00f4m Nay\",\"url\":\"https:\\\/\\\/usdxau.org\\\/\",\"logo\":{\"@type\":\"ImageObject\",\"inLanguage\":\"en-GB\",\"@id\":\"https:\\\/\\\/usdxau.org\\\/#\\\/schema\\\/logo\\\/image\\\/\",\"url\":\"https:\\\/\\\/usdxau.org\\\/wp-content\\\/uploads\\\/2025\\\/10\\\/123456.png\",\"contentUrl\":\"https:\\\/\\\/usdxau.org\\\/wp-content\\\/uploads\\\/2025\\\/10\\\/123456.png\",\"width\":500,\"height\":500,\"caption\":\"USDXAU | Gi\u00e1 V\u00e0ng Th\u1ebf Gi\u1edbi H\u00f4m Nay\"},\"image\":{\"@id\":\"https:\\\/\\\/usdxau.org\\\/#\\\/schema\\\/logo\\\/image\\\/\"},\"sameAs\":[\"https:\\\/\\\/www.youtube.com\\\/@Xauusd.tradingforex\"]}]}<\/script>\n<!-- \/ Yoast SEO plugin. -->","yoast_head_json":{"title":"H\u01b0\u1edbng D\u1eabn \u0110\u1ea7u T\u01b0 V\u00e0ng | USDXAU | Bi\u1ec3u \u0110\u1ed3 Gi\u00e1 V\u00e0ng Th\u1ebf Gi\u1edbi H\u00f4m Nay | USD XAU","description":"H\u01b0\u1edbng D\u1eabn \u0110\u1ea7u T\u01b0 V\u00e0ng hi\u1ec7u qu\u1ea3 cho ng\u01b0\u1eddi m\u1edbi. M\u1edf t\u00e0i kho\u1ea3n, giao d\u1ecbch d\u1ec5 d\u00e0ng v\u00e0 t\u1ed1i \u01b0u l\u1ee3i nhu\u1eadn ngay h\u00f4m nay v\u1edbi usdxau.org","robots":{"index":"index","follow":"follow","max-snippet":"max-snippet:-1","max-image-preview":"max-image-preview:large","max-video-preview":"max-video-preview:-1"},"canonical":"https:\/\/usdxau.org\/en\/huong-dan-dau-tu-vang\/","og_locale":"en_GB","og_type":"article","og_title":"H\u01b0\u1edbng D\u1eabn \u0110\u1ea7u T\u01b0 V\u00e0ng | USDXAU | Bi\u1ec3u \u0110\u1ed3 Gi\u00e1 V\u00e0ng Th\u1ebf Gi\u1edbi H\u00f4m Nay | USD XAU","og_description":"H\u01b0\u1edbng D\u1eabn \u0110\u1ea7u T\u01b0 V\u00e0ng hi\u1ec7u qu\u1ea3 cho ng\u01b0\u1eddi m\u1edbi. M\u1edf t\u00e0i kho\u1ea3n, giao d\u1ecbch d\u1ec5 d\u00e0ng v\u00e0 t\u1ed1i \u01b0u l\u1ee3i nhu\u1eadn ngay h\u00f4m nay v\u1edbi usdxau.org","og_url":"https:\/\/usdxau.org\/en\/huong-dan-dau-tu-vang\/","og_site_name":"USDXAU | Bi\u1ec3u \u0110\u1ed3 Gi\u00e1 V\u00e0ng Th\u1ebf Gi\u1edbi H\u00f4m Nay | USD XAU","article_modified_time":"2025-10-27T05:10:18+00:00","twitter_card":"summary_large_image","twitter_misc":{"Estimated reading time":"1 minute"},"schema":{"@context":"https:\/\/schema.org","@graph":[{"@type":"WebPage","@id":"https:\/\/usdxau.org\/huong-dan-dau-tu-vang\/","url":"https:\/\/usdxau.org\/huong-dan-dau-tu-vang\/","name":"H\u01b0\u1edbng D\u1eabn \u0110\u1ea7u T\u01b0 V\u00e0ng | USDXAU | Bi\u1ec3u \u0110\u1ed3 Gi\u00e1 V\u00e0ng Th\u1ebf Gi\u1edbi H\u00f4m Nay | USD XAU","isPartOf":{"@id":"https:\/\/usdxau.org\/#website"},"datePublished":"2025-10-17T03:38:29+00:00","dateModified":"2025-10-27T05:10:18+00:00","description":"H\u01b0\u1edbng D\u1eabn \u0110\u1ea7u T\u01b0 V\u00e0ng hi\u1ec7u qu\u1ea3 cho ng\u01b0\u1eddi m\u1edbi. M\u1edf t\u00e0i kho\u1ea3n, giao d\u1ecbch d\u1ec5 d\u00e0ng v\u00e0 t\u1ed1i \u01b0u l\u1ee3i nhu\u1eadn ngay h\u00f4m nay v\u1edbi usdxau.org","breadcrumb":{"@id":"https:\/\/usdxau.org\/huong-dan-dau-tu-vang\/#breadcrumb"},"inLanguage":"en-GB","potentialAction":[{"@type":"ReadAction","target":["https:\/\/usdxau.org\/huong-dan-dau-tu-vang\/"]}]},{"@type":"BreadcrumbList","@id":"https:\/\/usdxau.org\/huong-dan-dau-tu-vang\/#breadcrumb","itemListElement":[{"@type":"ListItem","position":1,"name":"Trang ch\u1ee7","item":"https:\/\/usdxau.org\/"},{"@type":"ListItem","position":2,"name":"H\u01b0\u1edbng D\u1eabn"}]},{"@type":"WebSite","@id":"https:\/\/usdxau.org\/#website","url":"https:\/\/usdxau.org\/","name":"USDXAU | Gi\u00e1 V\u00e0ng Th\u1ebf Gi\u1edbi H\u00f4m Nay | XAUUSD","description":"Usdxau, Bi\u1ec3u \u0111\u1ed3 gi\u00e1 v\u00e0ng th\u1ebf gi\u1edbi h\u00f4m nay. Usdxau n\u1eafm b\u1eaft xu h\u01b0\u1edbng v\u00e0ng to\u00e0n c\u1ea7u, Ph\u00e2n t\u00edch Usd xau quy\u1ebft \u0111\u1ecbnh \u0111\u1ea7u t\u01b0 v\u00e0ng th\u00f4ng minh","publisher":{"@id":"https:\/\/usdxau.org\/#organization"},"potentialAction":[{"@type":"SearchAction","target":{"@type":"EntryPoint","urlTemplate":"https:\/\/usdxau.org\/?s={search_term_string}"},"query-input":{"@type":"PropertyValueSpecification","valueRequired":true,"valueName":"search_term_string"}}],"inLanguage":"en-GB"},{"@type":"Organization","@id":"https:\/\/usdxau.org\/#organization","name":"USDXAU | Gi\u00e1 V\u00e0ng Th\u1ebf Gi\u1edbi H\u00f4m Nay","url":"https:\/\/usdxau.org\/","logo":{"@type":"ImageObject","inLanguage":"en-GB","@id":"https:\/\/usdxau.org\/#\/schema\/logo\/image\/","url":"https:\/\/usdxau.org\/wp-content\/uploads\/2025\/10\/123456.png","contentUrl":"https:\/\/usdxau.org\/wp-content\/uploads\/2025\/10\/123456.png","width":500,"height":500,"caption":"USDXAU | Gi\u00e1 V\u00e0ng Th\u1ebf Gi\u1edbi H\u00f4m Nay"},"image":{"@id":"https:\/\/usdxau.org\/#\/schema\/logo\/image\/"},"sameAs":["https:\/\/www.youtube.com\/@Xauusd.tradingforex"]}]}},"_hostinger_reach_plugin_has_subscription_block":false,"_hostinger_reach_plugin_is_elementor":false,"_links":{"self":[{"href":"https:\/\/usdxau.org\/en\/wp-json\/wp\/v2\/pages\/1232","targetHints":{"allow":["GET"]}}],"collection":[{"href":"https:\/\/usdxau.org\/en\/wp-json\/wp\/v2\/pages"}],"about":[{"href":"https:\/\/usdxau.org\/en\/wp-json\/wp\/v2\/types\/page"}],"author":[{"embeddable":true,"href":"https:\/\/usdxau.org\/en\/wp-json\/wp\/v2\/users\/1"}],"replies":[{"embeddable":true,"href":"https:\/\/usdxau.org\/en\/wp-json\/wp\/v2\/comments?post=1232"}],"version-history":[{"count":3,"href":"https:\/\/usdxau.org\/en\/wp-json\/wp\/v2\/pages\/1232\/revisions"}],"predecessor-version":[{"id":1857,"href":"https:\/\/usdxau.org\/en\/wp-json\/wp\/v2\/pages\/1232\/revisions\/1857"}],"wp:attachment":[{"href":"https:\/\/usdxau.org\/en\/wp-json\/wp\/v2\/media?parent=1232"}],"curies":[{"name":"wp","href":"https:\/\/api.w.org\/{rel}","templated":true}]}}