{"id":1133,"date":"2025-10-13T22:09:17","date_gmt":"2025-10-13T15:09:17","guid":{"rendered":"https:\/\/usdxau.org\/?page_id=1133"},"modified":"2025-11-02T16:00:09","modified_gmt":"2025-11-02T09:00:09","slug":"tin-tuc-usdxau","status":"publish","type":"page","link":"https:\/\/usdxau.org\/en\/tin-tuc-usdxau\/","title":{"rendered":"News"},"content":{"rendered":"<div class=\"wp-block-stackable-posts stk-block-posts stk-block stk-76fc290 is-style-default\" data-v=\"2\" data-block-id=\"76fc290\"><style>.stk-76fc290 {--stk-columns:3 !important;--stk-column-gap:10px !important;}.stk-76fc290-container .stk-block-posts__image-link{margin-bottom:10px !important;}.stk-76fc290 .stk-block-posts__title{margin-bottom:10px !important;}.stk-76fc290 .stk-block-posts__category{margin-bottom:10px !important;}.stk-76fc290 .stk-block-posts__excerpt{margin-bottom:10px !important;}.stk-76fc290 .stk-block-posts__meta{margin-bottom:10px !important;font-style:italic !important;}.stk-76fc290 .stk-img-wrapper{aspect-ratio:3\/2 !important;width:100% !important;height:auto !important;}.stk-76fc290 .stk-img-wrapper img{border-radius:var(--stk--preset--border-radius--medium, 8px) !important;}.stk-76fc290 .stk-block-posts__title a{font-weight:500 !important;}@media screen and (max-width:999px){.stk-76fc290 .stk-img-wrapper{height:auto !important;}}@media screen and (max-width:689px){.stk-76fc290 .stk-img-wrapper{height:auto !important;}}<\/style><div class=\"stk-inner-blocks stk-content-align stk-76fc290-column\"><div class=\"stk-block-posts__items\"><div class=\"stk-block-posts__item\"><div class=\"stk-container stk-76fc290-container stk--no-background stk--no-padding\"><article><a href=\"https:\/\/usdxau.org\/en\/gia-vang-dat-moc-4000-usd\/\" class=\"stk-block-posts__image-link\"><figure class=\"stk-img-wrapper stk-image--shape-stretch\"><img loading=\"lazy\" decoding=\"async\" width=\"1280\" height=\"720\" src=\"https:\/\/usdxau.org\/wp-content\/uploads\/2025\/10\/GIA-VANG-4000USD.png\" class=\"attachment-full size-full wp-post-image\" alt=\"\" srcset=\"https:\/\/usdxau.org\/wp-content\/uploads\/2025\/10\/GIA-VANG-4000USD.png 1280w, https:\/\/usdxau.org\/wp-content\/uploads\/2025\/10\/GIA-VANG-4000USD-300x169.png 300w, https:\/\/usdxau.org\/wp-content\/uploads\/2025\/10\/GIA-VANG-4000USD-1024x576.png 1024w, https:\/\/usdxau.org\/wp-content\/uploads\/2025\/10\/GIA-VANG-4000USD-768x432.png 768w\" sizes=\"auto, (max-width: 1280px) 100vw, 1280px\" \/><\/figure><\/a><div class=\"stk-block-posts__category stk-subtitle\"><a href=\"https:\/\/usdxau.org\/en\/category\/tin-tuc\/\" rel=\"category tag\">News<\/a><\/div><div class=\"stk-block-posts__meta stk-subtitle\"><time datetime=\"2025-10-09T11:01:51+07:00\">09\/10\/2025<\/time><\/div><h5 class=\"stk-block-posts__title\"><a href='https:\/\/usdxau.org\/en\/gia-vang-dat-moc-4000-usd\/'>Gold Price Hits $4,000 Amid Volatile Market<\/a><\/h5><a class=\"stk-block-posts__readmore\" href=\"https:\/\/usdxau.org\/en\/gia-vang-dat-moc-4000-usd\/\">Continue Reading<\/a><\/article><\/div><\/div><\/div><div class=\"stk-inner-blocks\"><\/div><\/div><\/div>","protected":false},"excerpt":{"rendered":"<p>Tin T\u1ee9c 09\/10\/2025 Gi\u00e1 V\u00e0ng \u0110\u1ea1t M\u1ed1c 4.000 USD\u00a0Gi\u1eefa Th\u1ecb Tr\u01b0\u1eddng Bi\u1ebfn \u0110\u1ed9ng M\u1ea1nh Continue Reading<\/p>","protected":false},"author":1,"featured_media":0,"parent":0,"menu_order":0,"comment_status":"closed","ping_status":"closed","template":"","meta":{"postBodyCss":"","postBodyMargin":[],"postBodyPadding":[],"postBodyBackground":{"backgroundType":"classic","gradient":""},"footnotes":""},"class_list":["post-1133","page","type-page","status-publish","hentry"],"blocksy_meta":{"disable_header":"no","styles_descriptor":{"styles":{"desktop":"","tablet":"","mobile":""},"google_fonts":[],"version":6},"page_structure_type":"type-1"},"yoast_head":"<!-- This site is optimized with the Yoast SEO plugin v27.4 - https:\/\/yoast.com\/product\/yoast-seo-wordpress\/ -->\n<title>Tin T\u1ee9c USDXAU | USDXAU | Bi\u1ec3u \u0110\u1ed3 Gi\u00e1 V\u00e0ng Th\u1ebf Gi\u1edbi H\u00f4m Nay | USD XAU<\/title>\n<meta name=\"description\" content=\"C\u1eadp nh\u1eadt tin t\u1ee9c USDXAU h\u00e0ng ng\u00e0y, ph\u00e2n t\u00edch bi\u1ebfn \u0111\u1ed9ng gi\u00e1 v\u00e0ng v\u00e0 xu h\u01b0\u1edbng th\u1ecb tr\u01b0\u1eddng to\u00e0n c\u1ea7u gi\u00fap nh\u00e0 \u0111\u1ea7u t\u01b0 ra quy\u1ebft \u0111\u1ecbnh hi\u1ec7u qu\u1ea3.\" \/>\n<meta name=\"robots\" content=\"index, follow, max-snippet:-1, max-image-preview:large, max-video-preview:-1\" \/>\n<link rel=\"canonical\" href=\"https:\/\/usdxau.org\/en\/tin-tuc-usdxau\/\" \/>\n<meta property=\"og:locale\" content=\"en_GB\" \/>\n<meta property=\"og:type\" content=\"article\" \/>\n<meta property=\"og:title\" content=\"Tin T\u1ee9c USDXAU | USDXAU | Bi\u1ec3u \u0110\u1ed3 Gi\u00e1 V\u00e0ng Th\u1ebf Gi\u1edbi H\u00f4m Nay | USD XAU\" \/>\n<meta property=\"og:description\" content=\"C\u1eadp nh\u1eadt tin t\u1ee9c USDXAU h\u00e0ng ng\u00e0y, ph\u00e2n t\u00edch bi\u1ebfn \u0111\u1ed9ng gi\u00e1 v\u00e0ng v\u00e0 xu h\u01b0\u1edbng th\u1ecb tr\u01b0\u1eddng to\u00e0n c\u1ea7u gi\u00fap nh\u00e0 \u0111\u1ea7u t\u01b0 ra quy\u1ebft \u0111\u1ecbnh hi\u1ec7u qu\u1ea3.\" \/>\n<meta property=\"og:url\" content=\"https:\/\/usdxau.org\/en\/tin-tuc-usdxau\/\" \/>\n<meta property=\"og:site_name\" content=\"USDXAU | Bi\u1ec3u \u0110\u1ed3 Gi\u00e1 V\u00e0ng Th\u1ebf Gi\u1edbi H\u00f4m Nay | USD XAU\" \/>\n<meta property=\"article:modified_time\" content=\"2025-11-02T09:00:09+00:00\" \/>\n<meta name=\"twitter:card\" content=\"summary_large_image\" \/>\n<meta name=\"twitter:label1\" content=\"Estimated reading time\" \/>\n\t<meta name=\"twitter:data1\" content=\"1 minute\" \/>\n<script type=\"application\/ld+json\" class=\"yoast-schema-graph\">{\"@context\":\"https:\\\/\\\/schema.org\",\"@graph\":[{\"@type\":\"WebPage\",\"@id\":\"https:\\\/\\\/usdxau.org\\\/tin-tuc-usdxau\\\/\",\"url\":\"https:\\\/\\\/usdxau.org\\\/tin-tuc-usdxau\\\/\",\"name\":\"Tin T\u1ee9c USDXAU | USDXAU | Bi\u1ec3u \u0110\u1ed3 Gi\u00e1 V\u00e0ng Th\u1ebf Gi\u1edbi H\u00f4m Nay | USD XAU\",\"isPartOf\":{\"@id\":\"https:\\\/\\\/usdxau.org\\\/#website\"},\"datePublished\":\"2025-10-13T15:09:17+00:00\",\"dateModified\":\"2025-11-02T09:00:09+00:00\",\"description\":\"C\u1eadp nh\u1eadt tin t\u1ee9c USDXAU h\u00e0ng ng\u00e0y, ph\u00e2n t\u00edch bi\u1ebfn \u0111\u1ed9ng gi\u00e1 v\u00e0ng v\u00e0 xu h\u01b0\u1edbng th\u1ecb tr\u01b0\u1eddng to\u00e0n c\u1ea7u gi\u00fap nh\u00e0 \u0111\u1ea7u t\u01b0 ra quy\u1ebft \u0111\u1ecbnh hi\u1ec7u qu\u1ea3.\",\"breadcrumb\":{\"@id\":\"https:\\\/\\\/usdxau.org\\\/tin-tuc-usdxau\\\/#breadcrumb\"},\"inLanguage\":\"en-GB\",\"potentialAction\":[{\"@type\":\"ReadAction\",\"target\":[\"https:\\\/\\\/usdxau.org\\\/tin-tuc-usdxau\\\/\"]}]},{\"@type\":\"BreadcrumbList\",\"@id\":\"https:\\\/\\\/usdxau.org\\\/tin-tuc-usdxau\\\/#breadcrumb\",\"itemListElement\":[{\"@type\":\"ListItem\",\"position\":1,\"name\":\"Trang ch\u1ee7\",\"item\":\"https:\\\/\\\/usdxau.org\\\/\"},{\"@type\":\"ListItem\",\"position\":2,\"name\":\"Tin T\u1ee9c\"}]},{\"@type\":\"WebSite\",\"@id\":\"https:\\\/\\\/usdxau.org\\\/#website\",\"url\":\"https:\\\/\\\/usdxau.org\\\/\",\"name\":\"USDXAU | Gi\u00e1 V\u00e0ng Th\u1ebf Gi\u1edbi H\u00f4m Nay | XAUUSD\",\"description\":\"Usdxau, Bi\u1ec3u \u0111\u1ed3 gi\u00e1 v\u00e0ng th\u1ebf gi\u1edbi h\u00f4m nay. Usdxau n\u1eafm b\u1eaft xu h\u01b0\u1edbng v\u00e0ng to\u00e0n c\u1ea7u, Ph\u00e2n t\u00edch Usd xau quy\u1ebft \u0111\u1ecbnh \u0111\u1ea7u t\u01b0 v\u00e0ng th\u00f4ng minh\",\"publisher\":{\"@id\":\"https:\\\/\\\/usdxau.org\\\/#organization\"},\"potentialAction\":[{\"@type\":\"SearchAction\",\"target\":{\"@type\":\"EntryPoint\",\"urlTemplate\":\"https:\\\/\\\/usdxau.org\\\/?s={search_term_string}\"},\"query-input\":{\"@type\":\"PropertyValueSpecification\",\"valueRequired\":true,\"valueName\":\"search_term_string\"}}],\"inLanguage\":\"en-GB\"},{\"@type\":\"Organization\",\"@id\":\"https:\\\/\\\/usdxau.org\\\/#organization\",\"name\":\"USDXAU | Gi\u00e1 V\u00e0ng Th\u1ebf Gi\u1edbi H\u00f4m Nay\",\"url\":\"https:\\\/\\\/usdxau.org\\\/\",\"logo\":{\"@type\":\"ImageObject\",\"inLanguage\":\"en-GB\",\"@id\":\"https:\\\/\\\/usdxau.org\\\/#\\\/schema\\\/logo\\\/image\\\/\",\"url\":\"https:\\\/\\\/usdxau.org\\\/wp-content\\\/uploads\\\/2025\\\/10\\\/123456.png\",\"contentUrl\":\"https:\\\/\\\/usdxau.org\\\/wp-content\\\/uploads\\\/2025\\\/10\\\/123456.png\",\"width\":500,\"height\":500,\"caption\":\"USDXAU | Gi\u00e1 V\u00e0ng Th\u1ebf Gi\u1edbi H\u00f4m Nay\"},\"image\":{\"@id\":\"https:\\\/\\\/usdxau.org\\\/#\\\/schema\\\/logo\\\/image\\\/\"},\"sameAs\":[\"https:\\\/\\\/www.youtube.com\\\/@Xauusd.tradingforex\"]}]}<\/script>\n<!-- \/ Yoast SEO plugin. -->","yoast_head_json":{"title":"Tin T\u1ee9c USDXAU | USDXAU | Bi\u1ec3u \u0110\u1ed3 Gi\u00e1 V\u00e0ng Th\u1ebf Gi\u1edbi H\u00f4m Nay | USD XAU","description":"C\u1eadp nh\u1eadt tin t\u1ee9c USDXAU h\u00e0ng ng\u00e0y, ph\u00e2n t\u00edch bi\u1ebfn \u0111\u1ed9ng gi\u00e1 v\u00e0ng v\u00e0 xu h\u01b0\u1edbng th\u1ecb tr\u01b0\u1eddng to\u00e0n c\u1ea7u gi\u00fap nh\u00e0 \u0111\u1ea7u t\u01b0 ra quy\u1ebft \u0111\u1ecbnh hi\u1ec7u qu\u1ea3.","robots":{"index":"index","follow":"follow","max-snippet":"max-snippet:-1","max-image-preview":"max-image-preview:large","max-video-preview":"max-video-preview:-1"},"canonical":"https:\/\/usdxau.org\/en\/tin-tuc-usdxau\/","og_locale":"en_GB","og_type":"article","og_title":"Tin T\u1ee9c USDXAU | USDXAU | Bi\u1ec3u \u0110\u1ed3 Gi\u00e1 V\u00e0ng Th\u1ebf Gi\u1edbi H\u00f4m Nay | USD XAU","og_description":"C\u1eadp nh\u1eadt tin t\u1ee9c USDXAU h\u00e0ng ng\u00e0y, ph\u00e2n t\u00edch bi\u1ebfn \u0111\u1ed9ng gi\u00e1 v\u00e0ng v\u00e0 xu h\u01b0\u1edbng th\u1ecb tr\u01b0\u1eddng to\u00e0n c\u1ea7u gi\u00fap nh\u00e0 \u0111\u1ea7u t\u01b0 ra quy\u1ebft \u0111\u1ecbnh hi\u1ec7u qu\u1ea3.","og_url":"https:\/\/usdxau.org\/en\/tin-tuc-usdxau\/","og_site_name":"USDXAU | Bi\u1ec3u \u0110\u1ed3 Gi\u00e1 V\u00e0ng Th\u1ebf Gi\u1edbi H\u00f4m Nay | USD XAU","article_modified_time":"2025-11-02T09:00:09+00:00","twitter_card":"summary_large_image","twitter_misc":{"Estimated reading time":"1 minute"},"schema":{"@context":"https:\/\/schema.org","@graph":[{"@type":"WebPage","@id":"https:\/\/usdxau.org\/tin-tuc-usdxau\/","url":"https:\/\/usdxau.org\/tin-tuc-usdxau\/","name":"Tin T\u1ee9c USDXAU | USDXAU | Bi\u1ec3u \u0110\u1ed3 Gi\u00e1 V\u00e0ng Th\u1ebf Gi\u1edbi H\u00f4m Nay | USD XAU","isPartOf":{"@id":"https:\/\/usdxau.org\/#website"},"datePublished":"2025-10-13T15:09:17+00:00","dateModified":"2025-11-02T09:00:09+00:00","description":"C\u1eadp nh\u1eadt tin t\u1ee9c USDXAU h\u00e0ng ng\u00e0y, ph\u00e2n t\u00edch bi\u1ebfn \u0111\u1ed9ng gi\u00e1 v\u00e0ng v\u00e0 xu h\u01b0\u1edbng th\u1ecb tr\u01b0\u1eddng to\u00e0n c\u1ea7u gi\u00fap nh\u00e0 \u0111\u1ea7u t\u01b0 ra quy\u1ebft \u0111\u1ecbnh hi\u1ec7u qu\u1ea3.","breadcrumb":{"@id":"https:\/\/usdxau.org\/tin-tuc-usdxau\/#breadcrumb"},"inLanguage":"en-GB","potentialAction":[{"@type":"ReadAction","target":["https:\/\/usdxau.org\/tin-tuc-usdxau\/"]}]},{"@type":"BreadcrumbList","@id":"https:\/\/usdxau.org\/tin-tuc-usdxau\/#breadcrumb","itemListElement":[{"@type":"ListItem","position":1,"name":"Trang ch\u1ee7","item":"https:\/\/usdxau.org\/"},{"@type":"ListItem","position":2,"name":"Tin T\u1ee9c"}]},{"@type":"WebSite","@id":"https:\/\/usdxau.org\/#website","url":"https:\/\/usdxau.org\/","name":"USDXAU | Gi\u00e1 V\u00e0ng Th\u1ebf Gi\u1edbi H\u00f4m Nay | XAUUSD","description":"Usdxau, Bi\u1ec3u \u0111\u1ed3 gi\u00e1 v\u00e0ng th\u1ebf gi\u1edbi h\u00f4m nay. Usdxau n\u1eafm b\u1eaft xu h\u01b0\u1edbng v\u00e0ng to\u00e0n c\u1ea7u, Ph\u00e2n t\u00edch Usd xau quy\u1ebft \u0111\u1ecbnh \u0111\u1ea7u t\u01b0 v\u00e0ng th\u00f4ng minh","publisher":{"@id":"https:\/\/usdxau.org\/#organization"},"potentialAction":[{"@type":"SearchAction","target":{"@type":"EntryPoint","urlTemplate":"https:\/\/usdxau.org\/?s={search_term_string}"},"query-input":{"@type":"PropertyValueSpecification","valueRequired":true,"valueName":"search_term_string"}}],"inLanguage":"en-GB"},{"@type":"Organization","@id":"https:\/\/usdxau.org\/#organization","name":"USDXAU | Gi\u00e1 V\u00e0ng Th\u1ebf Gi\u1edbi H\u00f4m Nay","url":"https:\/\/usdxau.org\/","logo":{"@type":"ImageObject","inLanguage":"en-GB","@id":"https:\/\/usdxau.org\/#\/schema\/logo\/image\/","url":"https:\/\/usdxau.org\/wp-content\/uploads\/2025\/10\/123456.png","contentUrl":"https:\/\/usdxau.org\/wp-content\/uploads\/2025\/10\/123456.png","width":500,"height":500,"caption":"USDXAU | Gi\u00e1 V\u00e0ng Th\u1ebf Gi\u1edbi H\u00f4m Nay"},"image":{"@id":"https:\/\/usdxau.org\/#\/schema\/logo\/image\/"},"sameAs":["https:\/\/www.youtube.com\/@Xauusd.tradingforex"]}]}},"_hostinger_reach_plugin_has_subscription_block":false,"_hostinger_reach_plugin_is_elementor":false,"_links":{"self":[{"href":"https:\/\/usdxau.org\/en\/wp-json\/wp\/v2\/pages\/1133","targetHints":{"allow":["GET"]}}],"collection":[{"href":"https:\/\/usdxau.org\/en\/wp-json\/wp\/v2\/pages"}],"about":[{"href":"https:\/\/usdxau.org\/en\/wp-json\/wp\/v2\/types\/page"}],"author":[{"embeddable":true,"href":"https:\/\/usdxau.org\/en\/wp-json\/wp\/v2\/users\/1"}],"replies":[{"embeddable":true,"href":"https:\/\/usdxau.org\/en\/wp-json\/wp\/v2\/comments?post=1133"}],"version-history":[{"count":12,"href":"https:\/\/usdxau.org\/en\/wp-json\/wp\/v2\/pages\/1133\/revisions"}],"predecessor-version":[{"id":2325,"href":"https:\/\/usdxau.org\/en\/wp-json\/wp\/v2\/pages\/1133\/revisions\/2325"}],"wp:attachment":[{"href":"https:\/\/usdxau.org\/en\/wp-json\/wp\/v2\/media?parent=1133"}],"curies":[{"name":"wp","href":"https:\/\/api.w.org\/{rel}","templated":true}]}}